{"id":11047,"date":"2022-11-04T14:34:53","date_gmt":"2022-11-04T14:34:53","guid":{"rendered":"https:\/\/ngondrogarodev.wpengine.com\/?page_id=11047"},"modified":"2023-03-28T04:47:02","modified_gmt":"2023-03-28T04:47:02","slug":"perguntas-frequentes-2","status":"publish","type":"page","link":"https:\/\/ngondrogar.org\/pt-pt\/outros\/perguntas-frequentes-2\/","title":{"rendered":"Perguntas Frequentes"},"content":{"rendered":"<div class=\"nolwrap\">\t\t<div data-elementor-type=\"wp-page\" data-elementor-id=\"11047\" class=\"elementor elementor-11047 elementor-4262\" data-elementor-post-type=\"page\">\n\t\t\t\t\t\t<section class=\"elementor-section elementor-top-section elementor-element elementor-element-8714e34 stax-condition-yes stax-user_role_enabled-yes elementor-section-boxed elementor-section-height-default elementor-section-height-default\" data-id=\"8714e34\" data-element_type=\"section\" data-e-type=\"section\" data-settings=\"{&quot;background_background&quot;:&quot;classic&quot;}\">\n\t\t\t\t\t\t<div class=\"elementor-container elementor-column-gap-default\">\n\t\t\t\t\t<div class=\"elementor-column elementor-col-100 elementor-top-column elementor-element elementor-element-7b09d39\" data-id=\"7b09d39\" data-element_type=\"column\" data-e-type=\"column\">\n\t\t\t<div class=\"elementor-widget-wrap elementor-element-populated\">\n\t\t\t\t\t\t<div class=\"elementor-element elementor-element-e13168d elementor-widget elementor-widget-spacer\" data-id=\"e13168d\" data-element_type=\"widget\" data-e-type=\"widget\" data-widget_type=\"spacer.default\">\n\t\t\t\t<div class=\"elementor-widget-container\">\n\t\t\t\t\t\t\t<div class=\"elementor-spacer\">\n\t\t\t<div class=\"elementor-spacer-inner\"><\/div>\n\t\t<\/div>\n\t\t\t\t\t\t<\/div>\n\t\t\t\t<\/div>\n\t\t\t\t<div class=\"elementor-element elementor-element-ddde961 faq-title elementor-widget elementor-widget-heading\" data-id=\"ddde961\" data-element_type=\"widget\" data-e-type=\"widget\" data-widget_type=\"heading.default\">\n\t\t\t\t<div class=\"elementor-widget-container\">\n\t\t\t\t\t<h2 class=\"elementor-heading-title elementor-size-default\">Perguntas Frequentes<\/h2>\t\t\t\t<\/div>\n\t\t\t\t<\/div>\n\t\t\t\t<div class=\"elementor-element elementor-element-09c95a3 elementor-widget elementor-widget-accordion\" data-id=\"09c95a3\" data-element_type=\"widget\" data-e-type=\"widget\" data-widget_type=\"accordion.default\">\n\t\t\t\t<div class=\"elementor-widget-container\">\n\t\t\t\t\t\t\t<div class=\"elementor-accordion\">\n\t\t\t\t\t\t\t<div class=\"elementor-accordion-item\">\n\t\t\t\t\t<div id=\"elementor-tab-title-1021\" class=\"elementor-tab-title\" data-tab=\"1\" role=\"button\" aria-controls=\"elementor-tab-content-1021\" aria-expanded=\"false\">\n\t\t\t\t\t\t\t\t\t\t\t\t\t<span class=\"elementor-accordion-icon elementor-accordion-icon-right\" aria-hidden=\"true\">\n\t\t\t\t\t\t\t\t\t\t\t\t\t\t\t<span class=\"elementor-accordion-icon-closed\"><i class=\"fas fa-plus\"><\/i><\/span>\n\t\t\t\t\t\t\t\t<span class=\"elementor-accordion-icon-opened\"><i class=\"fas fa-minus\"><\/i><\/span>\n\t\t\t\t\t\t\t\t\t\t\t\t\t\t<\/span>\n\t\t\t\t\t\t\t\t\t\t\t\t<a class=\"elementor-accordion-title\" tabindex=\"0\">Qual ngondro praticaremos?<\/a>\n\t\t\t\t\t<\/div>\n\t\t\t\t\t<div id=\"elementor-tab-content-1021\" class=\"elementor-tab-content elementor-clearfix\" data-tab=\"1\" role=\"region\" aria-labelledby=\"elementor-tab-title-1021\"><p><span style=\"font-weight: 400;\">Voc\u00ea pode escolher entre o Longchen Nyingtik Ngondro (LNN), o Chetsun Nyingtik Ngondro (CNN), o Kagyu Mahamudra Ngondro (KMN) ou continuar o ngondro que estiver fazendo. Caso voc\u00ea esteja no momento praticando algum ngondro diferente, Rinpoche diz que \u201cn\u00e3o h\u00e1 necessidade de mudar, mas<\/span><span style=\"font-weight: 400;\">,<\/span><span style=\"font-weight: 400;\"> se voc\u00ea quiser mudar (para o LNN, CNN ou KMN)<\/span><span style=\"font-weight: 400;\">,<\/span><span style=\"font-weight: 400;\"> voc\u00ea pode\u201d. Uma vez que voc\u00ea se comprometa com um dos ngondros do Ngondro Gar, o melhor \u00e9 n\u00e3o mudar para um ngondro diferente at\u00e9 que tenha terminado o primeiro.<\/span><\/p><\/div>\n\t\t\t\t<\/div>\n\t\t\t\t\t\t\t<div class=\"elementor-accordion-item\">\n\t\t\t\t\t<div id=\"elementor-tab-title-1022\" class=\"elementor-tab-title\" data-tab=\"2\" role=\"button\" aria-controls=\"elementor-tab-content-1022\" aria-expanded=\"false\">\n\t\t\t\t\t\t\t\t\t\t\t\t\t<span class=\"elementor-accordion-icon elementor-accordion-icon-right\" aria-hidden=\"true\">\n\t\t\t\t\t\t\t\t\t\t\t\t\t\t\t<span class=\"elementor-accordion-icon-closed\"><i class=\"fas fa-plus\"><\/i><\/span>\n\t\t\t\t\t\t\t\t<span class=\"elementor-accordion-icon-opened\"><i class=\"fas fa-minus\"><\/i><\/span>\n\t\t\t\t\t\t\t\t\t\t\t\t\t\t<\/span>\n\t\t\t\t\t\t\t\t\t\t\t\t<a class=\"elementor-accordion-title\" tabindex=\"0\">Precisarei informar minhas horas de pr\u00e1tica?<\/a>\n\t\t\t\t\t<\/div>\n\t\t\t\t\t<div id=\"elementor-tab-content-1022\" class=\"elementor-tab-content elementor-clearfix\" data-tab=\"2\" role=\"region\" aria-labelledby=\"elementor-tab-title-1022\"><p><span style=\"font-weight: 400;\">Sim. Voc\u00ea ter\u00e1 uma conta no site do Ngondro Gar e nele<\/span> <span style=\"font-weight: 400;\">precisar\u00e1 informar suas horas de pr\u00e1tica do m\u00eas anterior nos tr\u00eas primeiros dias de cada m\u00eas, para que Rinpoche, o Administrador, e os instrutores possam ver seu progresso.<\/span><\/p><p><span style=\"font-weight: 400;\">Caso voc\u00ea n\u00e3o informe suas horas de pr\u00e1tica por 12 meses consecutivos, sua conta no NDG ser\u00e1 suspensa.<\/span><\/p><\/div>\n\t\t\t\t<\/div>\n\t\t\t\t\t\t\t<div class=\"elementor-accordion-item\">\n\t\t\t\t\t<div id=\"elementor-tab-title-1023\" class=\"elementor-tab-title\" data-tab=\"3\" role=\"button\" aria-controls=\"elementor-tab-content-1023\" aria-expanded=\"false\">\n\t\t\t\t\t\t\t\t\t\t\t\t\t<span class=\"elementor-accordion-icon elementor-accordion-icon-right\" aria-hidden=\"true\">\n\t\t\t\t\t\t\t\t\t\t\t\t\t\t\t<span class=\"elementor-accordion-icon-closed\"><i class=\"fas fa-plus\"><\/i><\/span>\n\t\t\t\t\t\t\t\t<span class=\"elementor-accordion-icon-opened\"><i class=\"fas fa-minus\"><\/i><\/span>\n\t\t\t\t\t\t\t\t\t\t\t\t\t\t<\/span>\n\t\t\t\t\t\t\t\t\t\t\t\t<a class=\"elementor-accordion-title\" tabindex=\"0\">O Ngondro Gar ser\u00e1 aberto a todos os alunos?<\/a>\n\t\t\t\t\t<\/div>\n\t\t\t\t\t<div id=\"elementor-tab-content-1023\" class=\"elementor-tab-content elementor-clearfix\" data-tab=\"3\" role=\"region\" aria-labelledby=\"elementor-tab-title-1023\"><p><span style=\"font-weight: 400;\">Sim, novos alunos podem juntar-se ao grupo a qualquer hora.<\/span><\/p><\/div>\n\t\t\t\t<\/div>\n\t\t\t\t\t\t\t<div class=\"elementor-accordion-item\">\n\t\t\t\t\t<div id=\"elementor-tab-title-1024\" class=\"elementor-tab-title\" data-tab=\"4\" role=\"button\" aria-controls=\"elementor-tab-content-1024\" aria-expanded=\"false\">\n\t\t\t\t\t\t\t\t\t\t\t\t\t<span class=\"elementor-accordion-icon elementor-accordion-icon-right\" aria-hidden=\"true\">\n\t\t\t\t\t\t\t\t\t\t\t\t\t\t\t<span class=\"elementor-accordion-icon-closed\"><i class=\"fas fa-plus\"><\/i><\/span>\n\t\t\t\t\t\t\t\t<span class=\"elementor-accordion-icon-opened\"><i class=\"fas fa-minus\"><\/i><\/span>\n\t\t\t\t\t\t\t\t\t\t\t\t\t\t<\/span>\n\t\t\t\t\t\t\t\t\t\t\t\t<a class=\"elementor-accordion-title\" tabindex=\"0\">Como fa\u00e7o para solicitar minha inclus\u00e3o no NDG?<\/a>\n\t\t\t\t\t<\/div>\n\t\t\t\t\t<div id=\"elementor-tab-content-1024\" class=\"elementor-tab-content elementor-clearfix\" data-tab=\"4\" role=\"region\" aria-labelledby=\"elementor-tab-title-1024\"><p><span style=\"font-weight: 400;\">Voc\u00ea pode acessar o site do NDG (ngondrogar.org) e preencher online o formul\u00e1rio de inscri\u00e7\u00e3o. Antes de preencher o formul\u00e1rio, por favor leia cuidadosamente a se\u00e7\u00e3o \u201cCoisas que voc\u00ea deve saber antes de solicitar sua inclus\u00e3o no Ngondro Gar\u201d. Ap\u00f3s o envio do formul\u00e1rio, o Administrador do NDG ir\u00e1 entrar em contato com voc\u00ea. Caso n\u00e3o receba uma resposta em 48hs, por favor cheque sua pasta de spams antes de entrar em contato novamente com o Administrador.<\/span><\/p><\/div>\n\t\t\t\t<\/div>\n\t\t\t\t\t\t\t<div class=\"elementor-accordion-item\">\n\t\t\t\t\t<div id=\"elementor-tab-title-1025\" class=\"elementor-tab-title\" data-tab=\"5\" role=\"button\" aria-controls=\"elementor-tab-content-1025\" aria-expanded=\"false\">\n\t\t\t\t\t\t\t\t\t\t\t\t\t<span class=\"elementor-accordion-icon elementor-accordion-icon-right\" aria-hidden=\"true\">\n\t\t\t\t\t\t\t\t\t\t\t\t\t\t\t<span class=\"elementor-accordion-icon-closed\"><i class=\"fas fa-plus\"><\/i><\/span>\n\t\t\t\t\t\t\t\t<span class=\"elementor-accordion-icon-opened\"><i class=\"fas fa-minus\"><\/i><\/span>\n\t\t\t\t\t\t\t\t\t\t\t\t\t\t<\/span>\n\t\t\t\t\t\t\t\t\t\t\t\t<a class=\"elementor-accordion-title\" tabindex=\"0\">O que acontece caso eu n\u00e3o consiga manter as horas de pr\u00e1tica com as quais me comprometi?<\/a>\n\t\t\t\t\t<\/div>\n\t\t\t\t\t<div id=\"elementor-tab-content-1025\" class=\"elementor-tab-content elementor-clearfix\" data-tab=\"5\" role=\"region\" aria-labelledby=\"elementor-tab-title-1025\"><p><span style=\"font-weight: 400;\">O prop\u00f3sito do NDG \u00e9 proporcionar uma plataforma e uma comunidade online de apoio a uma pr\u00e1tica di\u00e1ria consistente. Se voc\u00ea n\u00e3o conseguir manter as horas m\u00ednimas de pr\u00e1tica di\u00e1ria do seu compromisso, pode reduzi-lo. No entanto, voc\u00ea deve praticar pelo menos 30 minutos por dia, caso contr\u00e1rio n\u00e3o poder\u00e1 prosseguir no NDG. Os instrutores ir\u00e3o ajud\u00e1-lo, tanto quanto poss\u00edvel, a evitar que isso aconte\u00e7a.<\/span><\/p><\/div>\n\t\t\t\t<\/div>\n\t\t\t\t\t\t\t<div class=\"elementor-accordion-item\">\n\t\t\t\t\t<div id=\"elementor-tab-title-1026\" class=\"elementor-tab-title\" data-tab=\"6\" role=\"button\" aria-controls=\"elementor-tab-content-1026\" aria-expanded=\"false\">\n\t\t\t\t\t\t\t\t\t\t\t\t\t<span class=\"elementor-accordion-icon elementor-accordion-icon-right\" aria-hidden=\"true\">\n\t\t\t\t\t\t\t\t\t\t\t\t\t\t\t<span class=\"elementor-accordion-icon-closed\"><i class=\"fas fa-plus\"><\/i><\/span>\n\t\t\t\t\t\t\t\t<span class=\"elementor-accordion-icon-opened\"><i class=\"fas fa-minus\"><\/i><\/span>\n\t\t\t\t\t\t\t\t\t\t\t\t\t\t<\/span>\n\t\t\t\t\t\t\t\t\t\t\t\t<a class=\"elementor-accordion-title\" tabindex=\"0\">Posso creditar horas de outras pr\u00e1ticas que fa\u00e7o al\u00e9m do ngondro?<\/a>\n\t\t\t\t\t<\/div>\n\t\t\t\t\t<div id=\"elementor-tab-content-1026\" class=\"elementor-tab-content elementor-clearfix\" data-tab=\"6\" role=\"region\" aria-labelledby=\"elementor-tab-title-1026\"><p><span style=\"font-weight: 400;\">N\u00e3o, uma vez que esta \u00e9 uma comunidade dedicada \u00e0 pr\u00e1tica do ngondro, apenas as horas de pr\u00e1tica do ngondro contar\u00e3o para o total.\u00a0<\/span><\/p><\/div>\n\t\t\t\t<\/div>\n\t\t\t\t\t\t\t<div class=\"elementor-accordion-item\">\n\t\t\t\t\t<div id=\"elementor-tab-title-1027\" class=\"elementor-tab-title\" data-tab=\"7\" role=\"button\" aria-controls=\"elementor-tab-content-1027\" aria-expanded=\"false\">\n\t\t\t\t\t\t\t\t\t\t\t\t\t<span class=\"elementor-accordion-icon elementor-accordion-icon-right\" aria-hidden=\"true\">\n\t\t\t\t\t\t\t\t\t\t\t\t\t\t\t<span class=\"elementor-accordion-icon-closed\"><i class=\"fas fa-plus\"><\/i><\/span>\n\t\t\t\t\t\t\t\t<span class=\"elementor-accordion-icon-opened\"><i class=\"fas fa-minus\"><\/i><\/span>\n\t\t\t\t\t\t\t\t\t\t\t\t\t\t<\/span>\n\t\t\t\t\t\t\t\t\t\t\t\t<a class=\"elementor-accordion-title\" tabindex=\"0\">Quais recursos de apoio para a pr\u00e1tica estar\u00e3o dispon\u00edveis? <\/a>\n\t\t\t\t\t<\/div>\n\t\t\t\t\t<div id=\"elementor-tab-content-1027\" class=\"elementor-tab-content elementor-clearfix\" data-tab=\"7\" role=\"region\" aria-labelledby=\"elementor-tab-title-1027\"><p><span style=\"font-weight: 400;\">Organizamos no site uma se\u00e7\u00e3o de \u201cRecursos para a pr\u00e1tica\u201d com liturgias e instru\u00e7\u00f5es em formato de texto, v\u00eddeo e \u00e1udio para cada uma das se\u00e7\u00f5es do ngondro. Al\u00e9m disso<\/span><span style=\"font-weight: 400;\">,<\/span><span style=\"font-weight: 400;\"> recomendamos que todos os alunos leiam dois livros: \u201cAs palavras do meu professor perfeito\u201d, de Patrul Rinpoche, e \u201cN\u00e3o \u00e9 para a felicidade\u201d, de Dzongsar Khyentse Rinpoche.\u00a0<\/span><\/p><\/div>\n\t\t\t\t<\/div>\n\t\t\t\t\t\t\t<div class=\"elementor-accordion-item\">\n\t\t\t\t\t<div id=\"elementor-tab-title-1028\" class=\"elementor-tab-title\" data-tab=\"8\" role=\"button\" aria-controls=\"elementor-tab-content-1028\" aria-expanded=\"false\">\n\t\t\t\t\t\t\t\t\t\t\t\t\t<span class=\"elementor-accordion-icon elementor-accordion-icon-right\" aria-hidden=\"true\">\n\t\t\t\t\t\t\t\t\t\t\t\t\t\t\t<span class=\"elementor-accordion-icon-closed\"><i class=\"fas fa-plus\"><\/i><\/span>\n\t\t\t\t\t\t\t\t<span class=\"elementor-accordion-icon-opened\"><i class=\"fas fa-minus\"><\/i><\/span>\n\t\t\t\t\t\t\t\t\t\t\t\t\t\t<\/span>\n\t\t\t\t\t\t\t\t\t\t\t\t<a class=\"elementor-accordion-title\" tabindex=\"0\">Posso acumular horas em um retiro?<\/a>\n\t\t\t\t\t<\/div>\n\t\t\t\t\t<div id=\"elementor-tab-content-1028\" class=\"elementor-tab-content elementor-clearfix\" data-tab=\"8\" role=\"region\" aria-labelledby=\"elementor-tab-title-1028\"><p><span style=\"font-weight: 400;\">Sim. Voc\u00ea pode acumular horas de pr\u00e1tica em retiro, mas \u00e9 preciso ser um retiro de ngondro.\u00a0\u00a0<\/span><\/p><p><span style=\"font-weight: 400;\">Essas s\u00e3o as regras:\u00a0<\/span><\/p><p><span style=\"font-weight: 400;\">&#8211; Se voc\u00ea fizer um retiro por menos de 7 dias, voc\u00ea conta as horas que tiver de fato praticado.<\/span><\/p><p><span style=\"font-weight: 400;\">&#8211; Se voc\u00ea fizer um retiro por 7 dias consecutivos, que tenha quatro se\u00e7\u00f5es e mais do que 8 horas de pr\u00e1tica por dia, voc\u00ea poder\u00e1 contar todas as 24 horas de todos os 7 dias. Ser\u00e3o 168 horas.<\/span><\/p><p><span style=\"font-weight: 400;\">&#8211; A op\u00e7\u00e3o de 24 horas por dia deve ser utilizada SOMENTE para 7 dias anualmente. Se voc\u00ea fizer um retiro mais longo, ap\u00f3s os 7 dias voc\u00ea contar\u00e1 apenas as horas de fato praticadas. Exemplo: para um retiro de 10 dias, voc\u00ea conta 7 dias X 24hs (168) mais as horas que, de fato, tenha praticado nos 3 dias restantes. Ent\u00e3o, ser\u00e3o 168 horas + 3 dias de horas de fato praticadas.<\/span><\/p><\/div>\n\t\t\t\t<\/div>\n\t\t\t\t\t\t\t\t<\/div>\n\t\t\t\t\t\t<\/div>\n\t\t\t\t<\/div>\n\t\t\t\t\t<\/div>\n\t\t<\/div>\n\t\t\t\t\t<\/div>\n\t\t<\/section>\n\t\t\t\t<section class=\"elementor-section elementor-top-section elementor-element elementor-element-9a272e7 elementor-section-boxed elementor-section-height-default elementor-section-height-default\" data-id=\"9a272e7\" data-element_type=\"section\" data-e-type=\"section\">\n\t\t\t\t\t\t<div class=\"elementor-container elementor-column-gap-default\">\n\t\t\t\t\t<div class=\"elementor-column elementor-col-100 elementor-top-column elementor-element elementor-element-7f828c1\" data-id=\"7f828c1\" data-element_type=\"column\" data-e-type=\"column\">\n\t\t\t<div class=\"elementor-widget-wrap elementor-element-populated\">\n\t\t\t\t\t\t<div class=\"elementor-element elementor-element-69dcff1 elementor-widget elementor-widget-heading\" data-id=\"69dcff1\" data-element_type=\"widget\" data-e-type=\"widget\" data-widget_type=\"heading.default\">\n\t\t\t\t<div class=\"elementor-widget-container\">\n\t\t\t\t\t<h2 class=\"elementor-heading-title elementor-size-default\">Ainda tem d\u00favidas?<\/h2>\t\t\t\t<\/div>\n\t\t\t\t<\/div>\n\t\t\t\t<div class=\"elementor-element elementor-element-dfaa731 elementor-align-center elementor-widget elementor-widget-button\" data-id=\"dfaa731\" data-element_type=\"widget\" data-e-type=\"widget\" data-widget_type=\"button.default\">\n\t\t\t\t<div class=\"elementor-widget-container\">\n\t\t\t\t\t\t\t\t\t<div class=\"elementor-button-wrapper\">\n\t\t\t\t\t<a class=\"elementor-button elementor-button-link elementor-size-sm\" href=\"https:\/\/ngondrogarodev.wpengine.com\/pt-pt\/outros\/contato-2\/\">\n\t\t\t\t\t\t<span class=\"elementor-button-content-wrapper\">\n\t\t\t\t\t\t\t\t\t<span class=\"elementor-button-text\">Contate-nos<\/span>\n\t\t\t\t\t<\/span>\n\t\t\t\t\t<\/a>\n\t\t\t\t<\/div>\n\t\t\t\t\t\t\t\t<\/div>\n\t\t\t\t<\/div>\n\t\t\t\t\t<\/div>\n\t\t<\/div>\n\t\t\t\t\t<\/div>\n\t\t<\/section>\n\t\t\t\t<\/div>\n\t\t<\/div>","protected":false},"excerpt":{"rendered":"<p>Perguntas Frequentes Qual ngondro praticaremos? Voc\u00ea pode escolher entre o Longchen Nyingtik Ngondro (LNN), o Chetsun Nyingtik Ngondro (CNN), o Kagyu Mahamudra Ngondro (KMN) ou continuar o ngondro que estiver [&hellip;]<\/p>\n","protected":false},"author":1,"featured_media":0,"parent":30314,"menu_order":53,"comment_status":"closed","ping_status":"closed","template":"page-templates\/custom-elementor-template.php","meta":{"_acf_changed":false,"inline_featured_image":false,"footnotes":""},"class_list":["post-11047","page","type-page","status-publish","hentry"],"acf":[],"_links":{"self":[{"href":"https:\/\/ngondrogar.org\/pt-pt\/wp-json\/wp\/v2\/pages\/11047","targetHints":{"allow":["GET"]}}],"collection":[{"href":"https:\/\/ngondrogar.org\/pt-pt\/wp-json\/wp\/v2\/pages"}],"about":[{"href":"https:\/\/ngondrogar.org\/pt-pt\/wp-json\/wp\/v2\/types\/page"}],"author":[{"embeddable":true,"href":"https:\/\/ngondrogar.org\/pt-pt\/wp-json\/wp\/v2\/users\/1"}],"replies":[{"embeddable":true,"href":"https:\/\/ngondrogar.org\/pt-pt\/wp-json\/wp\/v2\/comments?post=11047"}],"version-history":[{"count":0,"href":"https:\/\/ngondrogar.org\/pt-pt\/wp-json\/wp\/v2\/pages\/11047\/revisions"}],"up":[{"embeddable":true,"href":"https:\/\/ngondrogar.org\/pt-pt\/wp-json\/wp\/v2\/pages\/30314"}],"wp:attachment":[{"href":"https:\/\/ngondrogar.org\/pt-pt\/wp-json\/wp\/v2\/media?parent=11047"}],"curies":[{"name":"wp","href":"https:\/\/api.w.org\/{rel}","templated":true}]}}